{"id":308,"date":"2020-01-17T13:13:23","date_gmt":"2020-01-17T12:13:23","guid":{"rendered":"http:\/\/www.imb-hr.de\/frequently-asked-questions\/"},"modified":"2021-12-10T13:04:30","modified_gmt":"2021-12-10T12:04:30","slug":"frequently-asked-questions","status":"publish","type":"page","link":"https:\/\/www.imb-hr.de\/en\/frequently-asked-questions\/","title":{"rendered":"frequently asked Questions"},"content":{"rendered":"\n<p><\/p>\n\n\t\t\t\t\t\t\t<h3 style=\"margin-bottom:20px;display:block;width:100%;margin-top:10px\"> <\/h3>\r\n\t\t\t\t\t\t<style>\r\n\t\t\t\t<style>\r\n#wpsm_accordion_184 .wpsm_panel-heading{\r\n\tpadding:0px !important;\r\n}\r\n#wpsm_accordion_184 .wpsm_panel-title {\r\n\tmargin:0px !important; \r\n\ttext-transform:none !important;\r\n\tline-height: 1 !important;\r\n}\r\n#wpsm_accordion_184 .wpsm_panel-title a{\r\n\ttext-decoration:none;\r\n\toverflow:hidden;\r\n\tdisplay:block;\r\n\tpadding:0px;\r\n\tfont-size: 18px !important;\r\n\tfont-family: Open Sans !important;\r\n\tcolor:#ffffff !important;\r\n\tborder-bottom:0px !important;\r\n}\r\n\r\n#wpsm_accordion_184 .wpsm_panel-title a:focus {\r\noutline: 0px !important;\r\n}\r\n\r\n#wpsm_accordion_184 .wpsm_panel-title a:hover, #wpsm_accordion_184 .wpsm_panel-title a:focus {\r\n\tcolor:#ffffff !important;\r\n}\r\n#wpsm_accordion_184 .acc-a{\r\n\tcolor: #ffffff !important;\r\n\tbackground-color:#070767 !important;\r\n\tborder-color: #ddd;\r\n}\r\n#wpsm_accordion_184 .wpsm_panel-default > .wpsm_panel-heading{\r\n\tcolor: #ffffff !important;\r\n\tbackground-color: #070767 !important;\r\n\tborder-color: #070767 !important;\r\n\tborder-top-left-radius: 0px;\r\n\tborder-top-right-radius: 0px;\r\n}\r\n#wpsm_accordion_184 .wpsm_panel-default {\r\n\t\tborder:1px solid transparent !important;\r\n\t}\r\n#wpsm_accordion_184 {\r\n\tmargin-bottom: 20px;\r\n\toverflow: hidden;\r\n\tfloat: none;\r\n\twidth: 100%;\r\n\tdisplay: block;\r\n}\r\n#wpsm_accordion_184 .ac_title_class{\r\n\tdisplay: block;\r\n\tpadding-top: 12px;\r\n\tpadding-bottom: 12px;\r\n\tpadding-left: 15px;\r\n\tpadding-right: 15px;\r\n}\r\n#wpsm_accordion_184  .wpsm_panel {\r\n\toverflow:hidden;\r\n\t-webkit-box-shadow: 0 0px 0px rgba(0, 0, 0, .05);\r\n\tbox-shadow: 0 0px 0px rgba(0, 0, 0, .05);\r\n\t\tborder-radius: 4px;\r\n\t}\r\n#wpsm_accordion_184  .wpsm_panel + .wpsm_panel {\r\n\t\tmargin-top: 5px;\r\n\t}\r\n#wpsm_accordion_184  .wpsm_panel-body{\r\n\tbackground-color:#ffffff !important;\r\n\tcolor:#000000 !important;\r\n\tborder-top-color: #070767 !important;\r\n\tfont-size:16px !important;\r\n\tfont-family: Open Sans !important;\r\n\toverflow: hidden;\r\n\t\tborder: 2px solid #070767 !important;\r\n\t}\r\n\r\n#wpsm_accordion_184 .ac_open_cl_icon{\r\n\tbackground-color:#070767 !important;\r\n\tcolor: #ffffff !important;\r\n\tfloat:right !important;\r\n\tpadding-top: 12px !important;\r\n\tpadding-bottom: 12px !important;\r\n\tline-height: 1.0 !important;\r\n\tpadding-left: 15px !important;\r\n\tpadding-right: 15px !important;\r\n\tdisplay: inline-block !important;\r\n}\r\n\r\n\t\t\t\r\n\t\t\t<\/style>\t\r\n\t\t\t<\/style>\r\n\t\t\t<div class=\"wpsm_panel-group\" id=\"wpsm_accordion_184\" >\r\n\t\t\t\t\t\t\t\t\r\n\t\t\t\t\t<!-- Inner panel Start -->\r\n\t\t\t\t\t<div class=\"wpsm_panel wpsm_panel-default\">\r\n\t\t\t\t\t\t<div class=\"wpsm_panel-heading\" role=\"tab\" >\r\n\t\t\t\t\t\t  <h4 class=\"wpsm_panel-title\">\r\n\t\t\t\t\t\t\t<a  class=\"\"  data-toggle=\"collapse\" data-parent=\"#wpsm_accordion_184 \" href=\"javascript:void(0)\" data-target=\"#ac_184_collapse1\" onclick=\"do_resize()\">\r\n\t\t\t\t\t\t\t\t\t\t\t\t\t\t\t\t\t<span class=\"ac_open_cl_icon fa fa-minus\"><\/span>\r\n\t\t\t\t\t\t\t\t\t\r\n\t\t\t\t\t\t\t\t \r\n\t\t\t\t\t\t\t\t<span class=\"ac_title_class\">\r\n\t\t\t\t\t\t\t\t\tWo kann ich mich bewerben? Wer stellt ein?\t\t\t\t\t\t\t\t<\/span>\r\n\t\t\t\t\t\t\t<\/a>\r\n\t\t\t\t\t\t  <\/h4>\r\n\t\t\t\t\t\t<\/div>\r\n\t\t\t\t\t\t<div id=\"ac_184_collapse1\" class=\"wpsm_panel-collapse collapse in\"  >\r\n\t\t\t\t\t\t  <div class=\"wpsm_panel-body\">\r\n\t\t\t\t\t\t\tWir bedienen als Outsourcing-Partner die Bewerbungsmanagementsysteme unserer Kunden. Gelistete Stellen spiegeln die Stellen, die Sie auf der jeweiligen Karriere-Webseite unserer Kunden finden. Eine Einstellung erfolgt ausschlie\u00dflich durch\/bei unseren Kunden, die Onlinezugriff auf Ihre Bewerbung haben.\t\t\t\t\t\t  <\/div>\r\n\t\t\t\t\t\t<\/div>\r\n\t\t\t\t\t<\/div>\r\n\t\t\t\t\t<!-- Inner panel End -->\r\n\t\t\t\t\t\r\n\t\t\t\t\t\t\t\t\r\n\t\t\t\t\t<!-- Inner panel Start -->\r\n\t\t\t\t\t<div class=\"wpsm_panel wpsm_panel-default\">\r\n\t\t\t\t\t\t<div class=\"wpsm_panel-heading\" role=\"tab\" >\r\n\t\t\t\t\t\t  <h4 class=\"wpsm_panel-title\">\r\n\t\t\t\t\t\t\t<a  class=\"collapsed\"  data-toggle=\"collapse\" data-parent=\"#wpsm_accordion_184 \" href=\"javascript:void(0)\" data-target=\"#ac_184_collapse2\" onclick=\"do_resize()\">\r\n\t\t\t\t\t\t\t\t\t\t\t\t\t\t\t\t\t<span class=\"ac_open_cl_icon fa fa-plus\"><\/span>\r\n\t\t\t\t\t\t\t\t\t\r\n\t\t\t\t\t\t\t\t \r\n\t\t\t\t\t\t\t\t<span class=\"ac_title_class\">\r\n\t\t\t\t\t\t\t\t\tWie erkenne ich, ob die Stelle noch offen ist?\t\t\t\t\t\t\t\t<\/span>\r\n\t\t\t\t\t\t\t<\/a>\r\n\t\t\t\t\t\t  <\/h4>\r\n\t\t\t\t\t\t<\/div>\r\n\t\t\t\t\t\t<div id=\"ac_184_collapse2\" class=\"wpsm_panel-collapse collapse \"  >\r\n\t\t\t\t\t\t  <div class=\"wpsm_panel-body\">\r\n\t\t\t\t\t\t\tAlle gelisteten Stellen sind offen. Besetzte Stellen werden sofort aus der Liste entfernt.\r\n\t\t\t\t\t\t  <\/div>\r\n\t\t\t\t\t\t<\/div>\r\n\t\t\t\t\t<\/div>\r\n\t\t\t\t\t<!-- Inner panel End -->\r\n\t\t\t\t\t\r\n\t\t\t\t\t\t\t\t\r\n\t\t\t\t\t<!-- Inner panel Start -->\r\n\t\t\t\t\t<div class=\"wpsm_panel wpsm_panel-default\">\r\n\t\t\t\t\t\t<div class=\"wpsm_panel-heading\" role=\"tab\" >\r\n\t\t\t\t\t\t  <h4 class=\"wpsm_panel-title\">\r\n\t\t\t\t\t\t\t<a  class=\"collapsed\"  data-toggle=\"collapse\" data-parent=\"#wpsm_accordion_184 \" href=\"javascript:void(0)\" data-target=\"#ac_184_collapse3\" onclick=\"do_resize()\">\r\n\t\t\t\t\t\t\t\t\t\t\t\t\t\t\t\t\t<span class=\"ac_open_cl_icon fa fa-plus\"><\/span>\r\n\t\t\t\t\t\t\t\t\t\r\n\t\t\t\t\t\t\t\t \r\n\t\t\t\t\t\t\t\t<span class=\"ac_title_class\">\r\n\t\t\t\t\t\t\t\t\tWelche Unterlagen werden wann ben\u00f6tigt?\t\t\t\t\t\t\t\t<\/span>\r\n\t\t\t\t\t\t\t<\/a>\r\n\t\t\t\t\t\t  <\/h4>\r\n\t\t\t\t\t\t<\/div>\r\n\t\t\t\t\t\t<div id=\"ac_184_collapse3\" class=\"wpsm_panel-collapse collapse \"  >\r\n\t\t\t\t\t\t  <div class=\"wpsm_panel-body\">\r\n\t\t\t\t\t\t\tWir k\u00f6nnen Ihre Bewerbung schneller bearbeiten, wenn sie vollst\u00e4ndig, d.h. mit Anschreiben, Lichtbild, Lebenslauf und allen Zeugnissen eingegangen ist.\r\n\t\t\t\t\t\t  <\/div>\r\n\t\t\t\t\t\t<\/div>\r\n\t\t\t\t\t<\/div>\r\n\t\t\t\t\t<!-- Inner panel End -->\r\n\t\t\t\t\t\r\n\t\t\t\t\t\t\t\t\r\n\t\t\t\t\t<!-- Inner panel Start -->\r\n\t\t\t\t\t<div class=\"wpsm_panel wpsm_panel-default\">\r\n\t\t\t\t\t\t<div class=\"wpsm_panel-heading\" role=\"tab\" >\r\n\t\t\t\t\t\t  <h4 class=\"wpsm_panel-title\">\r\n\t\t\t\t\t\t\t<a  class=\"collapsed\"  data-toggle=\"collapse\" data-parent=\"#wpsm_accordion_184 \" href=\"javascript:void(0)\" data-target=\"#ac_184_collapse4\" onclick=\"do_resize()\">\r\n\t\t\t\t\t\t\t\t\t\t\t\t\t\t\t\t\t<span class=\"ac_open_cl_icon fa fa-plus\"><\/span>\r\n\t\t\t\t\t\t\t\t\t\r\n\t\t\t\t\t\t\t\t \r\n\t\t\t\t\t\t\t\t<span class=\"ac_title_class\">\r\n\t\t\t\t\t\t\t\t\tDATENSCHUTZ | Was geschieht nach Ablauf der Stellenausschreibung mit meinen pers\u00f6nlichen Daten?\t\t\t\t\t\t\t\t<\/span>\r\n\t\t\t\t\t\t\t<\/a>\r\n\t\t\t\t\t\t  <\/h4>\r\n\t\t\t\t\t\t<\/div>\r\n\t\t\t\t\t\t<div id=\"ac_184_collapse4\" class=\"wpsm_panel-collapse collapse \"  >\r\n\t\t\t\t\t\t  <div class=\"wpsm_panel-body\">\r\n\t\t\t\t\t\t\tDas bestimmen Sie ganz alleine!\r\nSie teilen uns mit der Datenschutzerkl\u00e4rung mit, die Sie bei der Onlinebewerbung akzeptieren oder nachtr\u00e4glich mit der Eingangsbest\u00e4tigung auf Ihre Bewerbung per E-Mail erhalten, was Sie w\u00fcnschen.\r\nSie \u00fcberlassen uns die Daten entweder\r\nf\u00fcr dieses eine Projekt, (Pflicht)\r\nzus\u00e4tzlich mit anschlie\u00dfendem Verbleib im firmeninternen Talentpool (Option 1)\r\nund\/oder dar\u00fcber hinaus f\u00fcr den Talentpool der HR-Partner. (Option 2)\r\nEine L\u00f6schung Ihrer Daten ist unabh\u00e4ngig von der gew\u00e4hlten Option zu jeder Zeit auf Ihren Wunsch hin m\u00f6glich.\t\t\t\t\t\t  <\/div>\r\n\t\t\t\t\t\t<\/div>\r\n\t\t\t\t\t<\/div>\r\n\t\t\t\t\t<!-- Inner panel End -->\r\n\t\t\t\t\t\r\n\t\t\t\t\t\t\t\t\r\n\t\t\t\t\t<!-- Inner panel Start -->\r\n\t\t\t\t\t<div class=\"wpsm_panel wpsm_panel-default\">\r\n\t\t\t\t\t\t<div class=\"wpsm_panel-heading\" role=\"tab\" >\r\n\t\t\t\t\t\t  <h4 class=\"wpsm_panel-title\">\r\n\t\t\t\t\t\t\t<a  class=\"collapsed\"  data-toggle=\"collapse\" data-parent=\"#wpsm_accordion_184 \" href=\"javascript:void(0)\" data-target=\"#ac_184_collapse5\" onclick=\"do_resize()\">\r\n\t\t\t\t\t\t\t\t\t\t\t\t\t\t\t\t\t<span class=\"ac_open_cl_icon fa fa-plus\"><\/span>\r\n\t\t\t\t\t\t\t\t\t\r\n\t\t\t\t\t\t\t\t \r\n\t\t\t\t\t\t\t\t<span class=\"ac_title_class\">\r\n\t\t\t\t\t\t\t\t\tIch wei\u00df nicht, ob die Stelle f\u00fcr mich passt. Kann ich vorher mal anrufen?\t\t\t\t\t\t\t\t<\/span>\r\n\t\t\t\t\t\t\t<\/a>\r\n\t\t\t\t\t\t  <\/h4>\r\n\t\t\t\t\t\t<\/div>\r\n\t\t\t\t\t\t<div id=\"ac_184_collapse5\" class=\"wpsm_panel-collapse collapse \"  >\r\n\t\t\t\t\t\t  <div class=\"wpsm_panel-body\">\r\n\t\t\t\t\t\t\tF\u00fcr uns ist es sehr schwierig, ausf\u00fchrlichen Schilderungen \u00fcber Ihren beruflichen Werdegang am Telefon zu folgen und spontan qualifizierte Aussagen zur Eignung f\u00fcr eine Stelle zu t\u00e4tigen.\r\nWir bitten Sie daher, vorab Unterlagen zu schicken, damit wir uns ein Bild dar\u00fcber machen k\u00f6nnen. Vielen Dank!\t\t\t\t\t\t  <\/div>\r\n\t\t\t\t\t\t<\/div>\r\n\t\t\t\t\t<\/div>\r\n\t\t\t\t\t<!-- Inner panel End -->\r\n\t\t\t\t\t\r\n\t\t\t\t\t\t\t<\/div>\r\n\t\t\t\r\n<script type=\"text\/javascript\">\r\n\t\r\n\t\tfunction do_resize(){\r\n\r\n\t\t\tvar width=jQuery( '.wpsm_panel .wpsm_panel-body iframe' ).width();\r\n\t\t\tvar height=jQuery( '.wpsm_panel .wpsm_panel-body iframe' ).height();\r\n\r\n\t\t\tvar toggleSize = true;\r\n\t\t\tjQuery('iframe').animate({\r\n\t\t\t    width: toggleSize ? width : 640,\r\n\t\t\t    height: toggleSize ? height : 360\r\n\t\t\t  }, 250);\r\n\r\n\t\t\t  toggleSize = !toggleSize;\r\n\t\t}\r\n\t\t\r\n<\/script>\t\n","protected":false},"excerpt":{"rendered":"","protected":false},"author":1,"featured_media":0,"parent":0,"menu_order":0,"comment_status":"closed","ping_status":"closed","template":"page-templates\/page_fullwidth.php","meta":{"footnotes":""},"class_list":["post-308","page","type-page","status-publish","hentry"],"yoast_head":"<!-- This site is optimized with the Yoast SEO plugin v25.4 - https:\/\/yoast.com\/wordpress\/plugins\/seo\/ -->\n<title>frequently asked Questions | i&amp;mbB<\/title>\n<meta name=\"robots\" content=\"index, follow, max-snippet:-1, max-image-preview:large, max-video-preview:-1\" \/>\n<link rel=\"canonical\" href=\"https:\/\/www.imb-hr.de\/en\/frequently-asked-questions\/\" \/>\n<meta property=\"og:locale\" content=\"en_US\" \/>\n<meta property=\"og:type\" content=\"article\" \/>\n<meta property=\"og:title\" content=\"frequently asked Questions | i&amp;mbB\" \/>\n<meta property=\"og:url\" content=\"https:\/\/www.imb-hr.de\/en\/frequently-asked-questions\/\" \/>\n<meta property=\"og:site_name\" content=\"i&amp;mbB\" \/>\n<meta property=\"article:modified_time\" content=\"2021-12-10T12:04:30+00:00\" \/>\n<meta name=\"twitter:card\" content=\"summary_large_image\" \/>\n<script type=\"application\/ld+json\" class=\"yoast-schema-graph\">{\"@context\":\"https:\/\/schema.org\",\"@graph\":[{\"@type\":\"WebPage\",\"@id\":\"https:\/\/www.imb-hr.de\/en\/frequently-asked-questions\/\",\"url\":\"https:\/\/www.imb-hr.de\/en\/frequently-asked-questions\/\",\"name\":\"frequently asked Questions | i&amp;mbB\",\"isPartOf\":{\"@id\":\"https:\/\/www.imb-hr.de\/en\/#website\"},\"datePublished\":\"2020-01-17T12:13:23+00:00\",\"dateModified\":\"2021-12-10T12:04:30+00:00\",\"breadcrumb\":{\"@id\":\"https:\/\/www.imb-hr.de\/en\/frequently-asked-questions\/#breadcrumb\"},\"inLanguage\":\"en-US\",\"potentialAction\":[{\"@type\":\"ReadAction\",\"target\":[\"https:\/\/www.imb-hr.de\/en\/frequently-asked-questions\/\"]}]},{\"@type\":\"BreadcrumbList\",\"@id\":\"https:\/\/www.imb-hr.de\/en\/frequently-asked-questions\/#breadcrumb\",\"itemListElement\":[{\"@type\":\"ListItem\",\"position\":1,\"name\":\"Startseite\",\"item\":\"https:\/\/www.imb-hr.de\/en\/\"},{\"@type\":\"ListItem\",\"position\":2,\"name\":\"frequently asked Questions\"}]},{\"@type\":\"WebSite\",\"@id\":\"https:\/\/www.imb-hr.de\/en\/#website\",\"url\":\"https:\/\/www.imb-hr.de\/en\/\",\"name\":\"i&amp;mbB\",\"description\":\"i&amp;mbB intern. Beratungsgesellschaft mbH\",\"publisher\":{\"@id\":\"https:\/\/www.imb-hr.de\/en\/#organization\"},\"potentialAction\":[{\"@type\":\"SearchAction\",\"target\":{\"@type\":\"EntryPoint\",\"urlTemplate\":\"https:\/\/www.imb-hr.de\/en\/?s={search_term_string}\"},\"query-input\":{\"@type\":\"PropertyValueSpecification\",\"valueRequired\":true,\"valueName\":\"search_term_string\"}}],\"inLanguage\":\"en-US\"},{\"@type\":\"Organization\",\"@id\":\"https:\/\/www.imb-hr.de\/en\/#organization\",\"name\":\"i&mbB\",\"url\":\"https:\/\/www.imb-hr.de\/en\/\",\"logo\":{\"@type\":\"ImageObject\",\"inLanguage\":\"en-US\",\"@id\":\"https:\/\/www.imb-hr.de\/en\/#\/schema\/logo\/image\/\",\"url\":\"https:\/\/www.imb-hr.de\/wp-content\/uploads\/loimbB-rot-briefkopf1.png\",\"contentUrl\":\"https:\/\/www.imb-hr.de\/wp-content\/uploads\/loimbB-rot-briefkopf1.png\",\"width\":3000,\"height\":1327,\"caption\":\"i&mbB\"},\"image\":{\"@id\":\"https:\/\/www.imb-hr.de\/en\/#\/schema\/logo\/image\/\"}}]}<\/script>\n<!-- \/ Yoast SEO plugin. -->","yoast_head_json":{"title":"frequently asked Questions | i&amp;mbB","robots":{"index":"index","follow":"follow","max-snippet":"max-snippet:-1","max-image-preview":"max-image-preview:large","max-video-preview":"max-video-preview:-1"},"canonical":"https:\/\/www.imb-hr.de\/en\/frequently-asked-questions\/","og_locale":"en_US","og_type":"article","og_title":"frequently asked Questions | i&amp;mbB","og_url":"https:\/\/www.imb-hr.de\/en\/frequently-asked-questions\/","og_site_name":"i&amp;mbB","article_modified_time":"2021-12-10T12:04:30+00:00","twitter_card":"summary_large_image","schema":{"@context":"https:\/\/schema.org","@graph":[{"@type":"WebPage","@id":"https:\/\/www.imb-hr.de\/en\/frequently-asked-questions\/","url":"https:\/\/www.imb-hr.de\/en\/frequently-asked-questions\/","name":"frequently asked Questions | i&amp;mbB","isPartOf":{"@id":"https:\/\/www.imb-hr.de\/en\/#website"},"datePublished":"2020-01-17T12:13:23+00:00","dateModified":"2021-12-10T12:04:30+00:00","breadcrumb":{"@id":"https:\/\/www.imb-hr.de\/en\/frequently-asked-questions\/#breadcrumb"},"inLanguage":"en-US","potentialAction":[{"@type":"ReadAction","target":["https:\/\/www.imb-hr.de\/en\/frequently-asked-questions\/"]}]},{"@type":"BreadcrumbList","@id":"https:\/\/www.imb-hr.de\/en\/frequently-asked-questions\/#breadcrumb","itemListElement":[{"@type":"ListItem","position":1,"name":"Startseite","item":"https:\/\/www.imb-hr.de\/en\/"},{"@type":"ListItem","position":2,"name":"frequently asked Questions"}]},{"@type":"WebSite","@id":"https:\/\/www.imb-hr.de\/en\/#website","url":"https:\/\/www.imb-hr.de\/en\/","name":"i&amp;mbB","description":"i&amp;mbB intern. Beratungsgesellschaft mbH","publisher":{"@id":"https:\/\/www.imb-hr.de\/en\/#organization"},"potentialAction":[{"@type":"SearchAction","target":{"@type":"EntryPoint","urlTemplate":"https:\/\/www.imb-hr.de\/en\/?s={search_term_string}"},"query-input":{"@type":"PropertyValueSpecification","valueRequired":true,"valueName":"search_term_string"}}],"inLanguage":"en-US"},{"@type":"Organization","@id":"https:\/\/www.imb-hr.de\/en\/#organization","name":"i&mbB","url":"https:\/\/www.imb-hr.de\/en\/","logo":{"@type":"ImageObject","inLanguage":"en-US","@id":"https:\/\/www.imb-hr.de\/en\/#\/schema\/logo\/image\/","url":"https:\/\/www.imb-hr.de\/wp-content\/uploads\/loimbB-rot-briefkopf1.png","contentUrl":"https:\/\/www.imb-hr.de\/wp-content\/uploads\/loimbB-rot-briefkopf1.png","width":3000,"height":1327,"caption":"i&mbB"},"image":{"@id":"https:\/\/www.imb-hr.de\/en\/#\/schema\/logo\/image\/"}}]}},"_links":{"self":[{"href":"https:\/\/www.imb-hr.de\/en\/wp-json\/wp\/v2\/pages\/308","targetHints":{"allow":["GET"]}}],"collection":[{"href":"https:\/\/www.imb-hr.de\/en\/wp-json\/wp\/v2\/pages"}],"about":[{"href":"https:\/\/www.imb-hr.de\/en\/wp-json\/wp\/v2\/types\/page"}],"author":[{"embeddable":true,"href":"https:\/\/www.imb-hr.de\/en\/wp-json\/wp\/v2\/users\/1"}],"replies":[{"embeddable":true,"href":"https:\/\/www.imb-hr.de\/en\/wp-json\/wp\/v2\/comments?post=308"}],"version-history":[{"count":1,"href":"https:\/\/www.imb-hr.de\/en\/wp-json\/wp\/v2\/pages\/308\/revisions"}],"predecessor-version":[{"id":309,"href":"https:\/\/www.imb-hr.de\/en\/wp-json\/wp\/v2\/pages\/308\/revisions\/309"}],"wp:attachment":[{"href":"https:\/\/www.imb-hr.de\/en\/wp-json\/wp\/v2\/media?parent=308"}],"curies":[{"name":"wp","href":"https:\/\/api.w.org\/{rel}","templated":true}]}}